{"id":28,"date":"2024-08-27T09:41:02","date_gmt":"2024-08-27T09:41:02","guid":{"rendered":"https:\/\/www.dunebashing.net\/?page_id=28"},"modified":"2025-11-09T18:07:11","modified_gmt":"2025-11-09T14:07:11","slug":"sobre-nos","status":"publish","type":"page","link":"https:\/\/www.dunebashing.net\/pt\/about-us\/","title":{"rendered":"Sobre n\u00f3s"},"content":{"rendered":"\t\t<div data-elementor-type=\"wp-page\" data-elementor-id=\"28\" class=\"elementor elementor-28\" data-elementor-post-type=\"page\">\n\t\t\t\t<div class=\"elementor-element elementor-element-681c4d9 e-con-full e-flex e-con e-parent\" data-id=\"681c4d9\" data-element_type=\"container\" data-e-type=\"container\">\n\t\t\t\t<div class=\"elementor-element elementor-element-2e47ba5 elementor-widget elementor-widget-heading\" data-id=\"2e47ba5\" data-element_type=\"widget\" data-e-type=\"widget\" data-widget_type=\"heading.default\">\n\t\t\t\t<div class=\"elementor-widget-container\">\n\t\t\t\t\t<h1 class=\"elementor-heading-title elementor-size-default\">Your Premier Tourism Company in Dubai<\/h1>\t\t\t\t<\/div>\n\t\t\t\t<\/div>\n\t\t\t\t<\/div>\n\t\t<div class=\"elementor-element elementor-element-98d11c1 e-con-full e-flex e-con e-parent\" data-id=\"98d11c1\" data-element_type=\"container\" data-e-type=\"container\">\n\t\t<div class=\"elementor-element elementor-element-37570fc e-con-full e-flex e-con e-child\" data-id=\"37570fc\" data-element_type=\"container\" data-e-type=\"container\">\n\t\t\t\t<div class=\"elementor-element elementor-element-389154c elementor-widget elementor-widget-heading\" data-id=\"389154c\" data-element_type=\"widget\" data-e-type=\"widget\" data-widget_type=\"heading.default\">\n\t\t\t\t<div class=\"elementor-widget-container\">\n\t\t\t\t\t<h2 class=\"elementor-heading-title elementor-size-default\">Why choose Us.<\/h2>\t\t\t\t<\/div>\n\t\t\t\t<\/div>\n\t\t\t\t<div class=\"elementor-element elementor-element-384fba8 elementor-widget elementor-widget-text-editor\" data-id=\"384fba8\" data-element_type=\"widget\" data-e-type=\"widget\" data-widget_type=\"text-editor.default\">\n\t\t\t\t<div class=\"elementor-widget-container\">\n\t\t\t\t\t\t\t\t\t<p><a href=\"https:\/\/www.dunebashing.net\/\">Dune Bashing Dubai<\/a> is a premier tourism company in Dubai, specializing in unforgettable desert safari experiences. Whether you are a solo traveler or part of a large group, we cater to all your adventure needs in the stunning Dubai desert.<\/p>\t\t\t\t\t\t\t\t<\/div>\n\t\t\t\t<\/div>\n\t\t\t\t<\/div>\n\t\t<div class=\"elementor-element elementor-element-f91068a e-con-full e-flex e-con e-child\" data-id=\"f91068a\" data-element_type=\"container\" data-e-type=\"container\">\n\t\t\t\t<div class=\"elementor-element elementor-element-f29554c elementor-widget elementor-widget-heading\" data-id=\"f29554c\" data-element_type=\"widget\" data-e-type=\"widget\" data-widget_type=\"heading.default\">\n\t\t\t\t<div class=\"elementor-widget-container\">\n\t\t\t\t\t<h2 class=\"elementor-heading-title elementor-size-default\">Our Mission.<\/h2>\t\t\t\t<\/div>\n\t\t\t\t<\/div>\n\t\t\t\t<div class=\"elementor-element elementor-element-3c168e6 elementor-widget elementor-widget-text-editor\" data-id=\"3c168e6\" data-element_type=\"widget\" data-e-type=\"widget\" data-widget_type=\"text-editor.default\">\n\t\t\t\t<div class=\"elementor-widget-container\">\n\t\t\t\t\t\t\t\t\t<p>&#8220;<b>Giving best tourism services to our customers.<\/b>&#8220;<\/p><p>We are passionate about tourism and dedicated to ensuring that our guests have the most memorable experiences in Dubai. Our multi-lingual tour guides are knowledgeable and friendly, keeping you informed about the ever-evolving wonders of this vibrant city.<\/p>\t\t\t\t\t\t\t\t<\/div>\n\t\t\t\t<\/div>\n\t\t\t\t<\/div>\n\t\t<div class=\"elementor-element elementor-element-816b37b e-con-full e-flex e-con e-child\" data-id=\"816b37b\" data-element_type=\"container\" data-e-type=\"container\">\n\t\t\t\t<div class=\"elementor-element elementor-element-163775e elementor-widget elementor-widget-heading\" data-id=\"163775e\" data-element_type=\"widget\" data-e-type=\"widget\" data-widget_type=\"heading.default\">\n\t\t\t\t<div class=\"elementor-widget-container\">\n\t\t\t\t\t<h2 class=\"elementor-heading-title elementor-size-default\">What We Do.<\/h2>\t\t\t\t<\/div>\n\t\t\t\t<\/div>\n\t\t\t\t<div class=\"elementor-element elementor-element-4a1abdb elementor-widget elementor-widget-text-editor\" data-id=\"4a1abdb\" data-element_type=\"widget\" data-e-type=\"widget\" data-widget_type=\"text-editor.default\">\n\t\t\t\t<div class=\"elementor-widget-container\">\n\t\t\t\t\t\t\t\t\t<p>As a leading tourism company in Dubai, we prioritize customer safety above all else. We operate government-approved vehicles that are fully equipped with safety features for all our tours. Our vehicles and drivers are fully insured, ensuring peace of mind for all passengers. Our staff is rigorously trained in safety standards, and we never compromise on the safety of our customers. Your safety is our top priority, followed closely by providing you with an experience of a lifetime in the beautiful cities of the UAE.<\/p>\t\t\t\t\t\t\t\t<\/div>\n\t\t\t\t<\/div>\n\t\t\t\t<\/div>\n\t\t\t\t<\/div>\n\t\t<div class=\"elementor-element elementor-element-9da4998 e-flex e-con-boxed e-con e-parent\" data-id=\"9da4998\" data-element_type=\"container\" data-e-type=\"container\">\n\t\t\t\t\t<div class=\"e-con-inner\">\n\t\t\t\t<div class=\"elementor-element elementor-element-482620a elementor-widget elementor-widget-spacer\" data-id=\"482620a\" data-element_type=\"widget\" data-e-type=\"widget\" data-widget_type=\"spacer.default\">\n\t\t\t\t<div class=\"elementor-widget-container\">\n\t\t\t\t\t\t\t<div class=\"elementor-spacer\">\n\t\t\t<div class=\"elementor-spacer-inner\"><\/div>\n\t\t<\/div>\n\t\t\t\t\t\t<\/div>\n\t\t\t\t<\/div>\n\t\t\t\t\t<\/div>\n\t\t\t\t<\/div>\n\t\t<div class=\"elementor-element elementor-element-0443d38 e-flex e-con-boxed e-con e-parent\" data-id=\"0443d38\" data-element_type=\"container\" data-e-type=\"container\">\n\t\t\t\t\t<div class=\"e-con-inner\">\n\t\t\t\t<div class=\"elementor-element elementor-element-d97f9fe elementor-widget elementor-widget-text-editor\" data-id=\"d97f9fe\" data-element_type=\"widget\" data-e-type=\"widget\" data-widget_type=\"text-editor.default\">\n\t\t\t\t<div class=\"elementor-widget-container\">\n\t\t\t\t\t\t\t\t\t<p>In addition to dune bashing, we also offer dhow cruise services in Dubai. Enjoy a romantic evening on the water, whether in the picturesque Dubai Marina or the serene Dubai Creek. We have partnered with other reputable tourism companies to extend a wide range of additional tourism services to our clients.<\/p>\t\t\t\t\t\t\t\t<\/div>\n\t\t\t\t<\/div>\n\t\t\t\t\t<\/div>\n\t\t\t\t<\/div>\n\t\t<div class=\"elementor-element elementor-element-fba602d e-flex e-con-boxed e-con e-parent\" data-id=\"fba602d\" data-element_type=\"container\" data-e-type=\"container\">\n\t\t\t\t\t<div class=\"e-con-inner\">\n\t\t\t\t<div class=\"elementor-element elementor-element-7790589 elementor-widget elementor-widget-spacer\" data-id=\"7790589\" data-element_type=\"widget\" data-e-type=\"widget\" data-widget_type=\"spacer.default\">\n\t\t\t\t<div class=\"elementor-widget-container\">\n\t\t\t\t\t\t\t<div class=\"elementor-spacer\">\n\t\t\t<div class=\"elementor-spacer-inner\"><\/div>\n\t\t<\/div>\n\t\t\t\t\t\t<\/div>\n\t\t\t\t<\/div>\n\t\t\t\t\t<\/div>\n\t\t\t\t<\/div>\n\t\t<div class=\"elementor-element elementor-element-8b39971 e-flex e-con-boxed e-con e-parent\" data-id=\"8b39971\" data-element_type=\"container\" data-e-type=\"container\">\n\t\t\t\t\t<div class=\"e-con-inner\">\n\t\t\t\t<div class=\"elementor-element elementor-element-9da456d elementor-widget elementor-widget-heading\" data-id=\"9da456d\" data-element_type=\"widget\" data-e-type=\"widget\" data-widget_type=\"heading.default\">\n\t\t\t\t<div class=\"elementor-widget-container\">\n\t\t\t\t\t<h2 class=\"elementor-heading-title elementor-size-default\">A Journey Through Dubai\u2019s Landscapes<\/h2>\t\t\t\t<\/div>\n\t\t\t\t<\/div>\n\t\t\t\t<div class=\"elementor-element elementor-element-38e64df elementor-widget elementor-widget-text-editor\" data-id=\"38e64df\" data-element_type=\"widget\" data-e-type=\"widget\" data-widget_type=\"text-editor.default\">\n\t\t\t\t<div class=\"elementor-widget-container\">\n\t\t\t\t\t\t\t\t\t<p>Founded in 2011, Dune Bashing Dubai began as a small endeavor driven by a shared passion for adventure and a love for the breathtaking landscapes of the Dubai desert. What started with a single vehicle and a handful of enthusiastic team members quickly transformed into a reputable tourism company in Dubai, renowned for providing exhilarating desert safari experiences.<\/p><p>In those early days, our founder envisioned a service that would not only showcase the stunning beauty of Dubai\u2019s deserts but also offer unforgettable adventures for visitors from around the world. With a commitment to safety and customer satisfaction, we embarked on our journey, navigating the challenges that every new business faces, from building a loyal customer base to establishing our brand in a competitive market.<\/p><p>A turning point came in 2013 when we introduced our signature dune bashing experience, which resonated deeply with thrill-seekers and adventure lovers. This unique service quickly gained popularity, earning us rave reviews and establishing Dune Bashing Dubai as a trusted name in the tourism sector. This success allowed us to expand our fleet, enhance our offers, and recruit skilled, multilingual tour guides who share our dedication to providing exceptional service.<\/p><p>By 2015, we became one of the leading tourism companies in Dubai, known not only for our thrilling desert safaris but also for our complementary services, including magical dhow cruises and guided city tours. With each passing year, our commitment to ensuring safety and memorable experiences remained our guiding principle, solidifying our reputation in the industry.<\/p><p>As we embraced opportunities for growth, we extended our services to cater to a diverse range of tourists, from families seeking fun-filled experiences to couples looking for romantic retreats in the enchanting landscapes of Dubai. Our reputation for excellence and safety continues to draw visitors from around the globe.<\/p><p>Today, we stand proud as a distinguished tourism company in Dubai, boasting a robust portfolio of offerings that capture the essence of UAE\u2019s rich culture and breathtaking natural beauty. Our journey from a small venture to a leading force in Dubai&#8217;s tourism landscape highlights our relentless pursuit of excellence and the trust our customers place in us.<\/p><p>Looking ahead, we remain passionate about sharing the wonders of Dubai with the world, continually seeking innovative ways to enhance our services and provide our guests with unforgettable experiences. The story of <a href=\"https:\/\/www.dunebashing.net\/\">Dune Bashing Dubai<\/a> is still unfolding, and we are excited about the adventures that lie ahead.<\/p>\t\t\t\t\t\t\t\t<\/div>\n\t\t\t\t<\/div>\n\t\t\t\t\t<\/div>\n\t\t\t\t<\/div>\n\t\t<div class=\"elementor-element elementor-element-ae4aa46 e-flex e-con-boxed e-con e-parent\" data-id=\"ae4aa46\" data-element_type=\"container\" data-e-type=\"container\">\n\t\t\t\t\t<div class=\"e-con-inner\">\n\t\t\t\t<div class=\"elementor-element elementor-element-438bd05 elementor-widget elementor-widget-spacer\" data-id=\"438bd05\" data-element_type=\"widget\" data-e-type=\"widget\" data-widget_type=\"spacer.default\">\n\t\t\t\t<div class=\"elementor-widget-container\">\n\t\t\t\t\t\t\t<div class=\"elementor-spacer\">\n\t\t\t<div class=\"elementor-spacer-inner\"><\/div>\n\t\t<\/div>\n\t\t\t\t\t\t<\/div>\n\t\t\t\t<\/div>\n\t\t\t\t\t<\/div>\n\t\t\t\t<\/div>\n\t\t<div class=\"elementor-element elementor-element-a3d0a7f e-flex e-con-boxed e-con e-parent\" data-id=\"a3d0a7f\" data-element_type=\"container\" data-e-type=\"container\">\n\t\t\t\t\t<div class=\"e-con-inner\">\n\t\t\t\t<div class=\"elementor-element elementor-element-7cbd282 elementor-widget elementor-widget-shortcode\" data-id=\"7cbd282\" data-element_type=\"widget\" data-e-type=\"widget\" data-widget_type=\"shortcode.default\">\n\t\t\t\t<div class=\"elementor-widget-container\">\n\t\t\t\t\t\t\t<div class=\"elementor-shortcode\"><script type=\"application\/ld+json\">\n{\n  \"@context\": \"https:\/\/schema.org\",\n  \"@graph\": [\n    {\n      \"@type\": [\"WebPage\", \"AboutPage\"],\n      \"@id\": \"[dbd type=\\\"url\\\"]#about\",\n      \"url\": \"[dbd type=\\\"url\\\"]\",\n      \"name\":\"[dbd type=\"title_trp\"]\",\n      \"description\":\"[dbd type=\"meta_trp\" key=\"_yoast_wpseo_metadesc\"]\",\n      \"inLanguage\":\"[dbd type=\"lang\"]\",\n      \"isPartOf\": { \"@id\": \"https:\/\/www.dunebashing.net\/#website\" },\n      \"about\": { \"@id\": \"https:\/\/www.dunebashing.net\/#organization\" },\n      \"primaryImageOfPage\": {\n        \"@type\": \"ImageObject\",\n        \"url\": \"https:\/\/www.dunebashing.net\/wp-content\/uploads\/2024\/08\/dune-bashing-dubai-logo.png\" }\n\n    },\n    {\n      \"@type\": \"Organization\",\n      \"@id\": \"https:\/\/www.dunebashing.net\/#organization\",\n      \"name\": \"Dune Bashing Dubai\",\n      \"url\": \"https:\/\/www.dunebashing.net\/\",\n      \"logo\": {\n        \"@type\": \"ImageObject\",\n        \"url\": \"https:\/\/www.dunebashing.net\/wp-content\/uploads\/2024\/10\/logo.webp\"\n      },\n      \"sameAs\": [\n        \"https:\/\/maps.app.goo.gl\/BtV7P7bzcCJu6xXo6\"\n      ],\n      \"contactPoint\": [\n        {\n          \"@type\": \"ContactPoint\",\n          \"contactType\": \"customer support\",\n          \"telephone\": \"+971503944761\",\n          \"email\": \"sales@dunebashing.net\",\n          \"areaServed\": \"AE\",\n          \"availableLanguage\": [\n            \"EN\",\n            \"TR\",\n            \"AR\",\n            \"DE\",\n            \"NL\",\n            \"RU\",\n            \"PT\",\n            \"IT\",\n            \"ES\",\n            \"FR\",\n            \"HE\",\n            \"ZH\",\n            \"JA\",\n            \"KO\",\n            \"SV\",\n            \"NN\",\n            \"MS\"\n          ]\n        }\n      ]\n    },\n    {\n      \"@type\": \"WebSite\",\n      \"@id\": \"https:\/\/www.dunebashing.net\/#website\",\n      \"url\": \"https:\/\/www.dunebashing.net\/\",\n      \"name\": \"Dune Bashing Dubai\"\n    }\n  ]\n}\n<\/script>\n<\/div>\n\t\t\t\t\t\t<\/div>\n\t\t\t\t<\/div>\n\t\t\t\t\t<\/div>\n\t\t\t\t<\/div>\n\t\t\t\t<\/div>\n\t\t","protected":false},"excerpt":{"rendered":"<p>Your Premier Tourism Company in Dubai Why choose Us. Dune Bashing Dubai is a premier tourism company in Dubai, specializing in unforgettable desert safari experiences. Whether you are a solo traveler or part of a large group, we cater to all your adventure needs in the stunning Dubai desert. Our Mission. &#8220;Giving best tourism services [&hellip;]<\/p>\n","protected":false},"author":1,"featured_media":1835,"parent":0,"menu_order":0,"comment_status":"closed","ping_status":"closed","template":"","meta":{"footnotes":""},"class_list":["post-28","page","type-page","status-publish","has-post-thumbnail","hentry"],"yoast_head":"<!-- This site is optimized with the Yoast SEO plugin v27.4 - https:\/\/yoast.com\/product\/yoast-seo-wordpress\/ -->\n<title>About Dune Bashing Dubai - Premier Tourism Company in Dubai<\/title>\n<meta name=\"description\" content=\"Learn about Dune Bashing Dubai, a leading tourism company in Dubai since 2011. Discover our passion for adventure, and commitment to safety.\" \/>\n<meta name=\"robots\" content=\"index, follow, max-snippet:-1, max-image-preview:large, max-video-preview:-1\" \/>\n<link rel=\"canonical\" href=\"https:\/\/www.dunebashing.net\/pt\/sobre-nos\/\" \/>\n<meta property=\"og:locale\" content=\"pt_PT\" \/>\n<meta property=\"og:type\" content=\"article\" \/>\n<meta property=\"og:title\" content=\"About Dune Bashing Dubai - Premier Tourism Company in Dubai\" \/>\n<meta property=\"og:description\" content=\"Learn about Dune Bashing Dubai, a leading tourism company in Dubai since 2011. Discover our passion for adventure, and commitment to safety.\" \/>\n<meta property=\"og:url\" content=\"https:\/\/www.dunebashing.net\/pt\/sobre-nos\/\" \/>\n<meta property=\"og:site_name\" content=\"Dune Bashing Dubai\" \/>\n<meta property=\"article:publisher\" content=\"https:\/\/web.facebook.com\/dunebashing.net\" \/>\n<meta property=\"article:modified_time\" content=\"2025-11-09T14:07:11+00:00\" \/>\n<meta property=\"og:image\" content=\"https:\/\/www.dunebashing.net\/wp-content\/uploads\/2024\/10\/About-Dune-Bashing-Dubai.webp\" \/>\n\t<meta property=\"og:image:width\" content=\"1080\" \/>\n\t<meta property=\"og:image:height\" content=\"1080\" \/>\n\t<meta property=\"og:image:type\" content=\"image\/webp\" \/>\n<meta name=\"twitter:card\" content=\"summary_large_image\" \/>\n<meta name=\"twitter:label1\" content=\"Tempo estimado de leitura\" \/>\n\t<meta name=\"twitter:data1\" content=\"3 minutos\" \/>\n<script type=\"application\/ld+json\" class=\"yoast-schema-graph\">{\"@context\":\"https:\\\/\\\/schema.org\",\"@graph\":[{\"@type\":\"WebPage\",\"@id\":\"https:\\\/\\\/www.dunebashing.net\\\/about-us\\\/\",\"url\":\"https:\\\/\\\/www.dunebashing.net\\\/about-us\\\/\",\"name\":\"About Dune Bashing Dubai - Premier Tourism Company in Dubai\",\"isPartOf\":{\"@id\":\"https:\\\/\\\/www.dunebashing.net\\\/#website\"},\"primaryImageOfPage\":{\"@id\":\"https:\\\/\\\/www.dunebashing.net\\\/about-us\\\/#primaryimage\"},\"image\":{\"@id\":\"https:\\\/\\\/www.dunebashing.net\\\/about-us\\\/#primaryimage\"},\"thumbnailUrl\":\"https:\\\/\\\/www.dunebashing.net\\\/wp-content\\\/uploads\\\/2024\\\/10\\\/About-Dune-Bashing-Dubai.webp\",\"datePublished\":\"2024-08-27T09:41:02+00:00\",\"dateModified\":\"2025-11-09T14:07:11+00:00\",\"description\":\"Learn about Dune Bashing Dubai, a leading tourism company in Dubai since 2011. Discover our passion for adventure, and commitment to safety.\",\"breadcrumb\":{\"@id\":\"https:\\\/\\\/www.dunebashing.net\\\/about-us\\\/#breadcrumb\"},\"inLanguage\":\"pt-PT\",\"potentialAction\":[{\"@type\":\"ReadAction\",\"target\":[\"https:\\\/\\\/www.dunebashing.net\\\/about-us\\\/\"]}]},{\"@type\":\"ImageObject\",\"inLanguage\":\"pt-PT\",\"@id\":\"https:\\\/\\\/www.dunebashing.net\\\/about-us\\\/#primaryimage\",\"url\":\"https:\\\/\\\/www.dunebashing.net\\\/wp-content\\\/uploads\\\/2024\\\/10\\\/About-Dune-Bashing-Dubai.webp\",\"contentUrl\":\"https:\\\/\\\/www.dunebashing.net\\\/wp-content\\\/uploads\\\/2024\\\/10\\\/About-Dune-Bashing-Dubai.webp\",\"width\":1080,\"height\":1080,\"caption\":\"About Dune Bashing Dubai\"},{\"@type\":\"BreadcrumbList\",\"@id\":\"https:\\\/\\\/www.dunebashing.net\\\/about-us\\\/#breadcrumb\",\"itemListElement\":[{\"@type\":\"ListItem\",\"position\":1,\"name\":\"Home\",\"item\":\"https:\\\/\\\/www.dunebashing.net\\\/\"},{\"@type\":\"ListItem\",\"position\":2,\"name\":\"About Us\"}]},{\"@type\":\"WebSite\",\"@id\":\"https:\\\/\\\/www.dunebashing.net\\\/#website\",\"url\":\"https:\\\/\\\/www.dunebashing.net\\\/\",\"name\":\"Dune Bashing Dubai\",\"description\":\"\",\"publisher\":{\"@id\":\"https:\\\/\\\/www.dunebashing.net\\\/#organization\"},\"potentialAction\":[{\"@type\":\"SearchAction\",\"target\":{\"@type\":\"EntryPoint\",\"urlTemplate\":\"https:\\\/\\\/www.dunebashing.net\\\/?s={search_term_string}\"},\"query-input\":{\"@type\":\"PropertyValueSpecification\",\"valueRequired\":true,\"valueName\":\"search_term_string\"}}],\"inLanguage\":\"pt-PT\"},{\"@type\":\"Organization\",\"@id\":\"https:\\\/\\\/www.dunebashing.net\\\/#organization\",\"name\":\"Dune Bashing Dubai\",\"url\":\"https:\\\/\\\/www.dunebashing.net\\\/\",\"logo\":{\"@type\":\"ImageObject\",\"inLanguage\":\"pt-PT\",\"@id\":\"https:\\\/\\\/www.dunebashing.net\\\/#\\\/schema\\\/logo\\\/image\\\/\",\"url\":\"https:\\\/\\\/www.dunebashing.net\\\/wp-content\\\/uploads\\\/2024\\\/08\\\/Logo-1.png\",\"contentUrl\":\"https:\\\/\\\/www.dunebashing.net\\\/wp-content\\\/uploads\\\/2024\\\/08\\\/Logo-1.png\",\"width\":455,\"height\":304,\"caption\":\"Dune Bashing Dubai\"},\"image\":{\"@id\":\"https:\\\/\\\/www.dunebashing.net\\\/#\\\/schema\\\/logo\\\/image\\\/\"},\"sameAs\":[\"https:\\\/\\\/web.facebook.com\\\/dunebashing.net\",\"https:\\\/\\\/www.instagram.com\\\/DuneBashingDubai\"]}]}<\/script>\n<!-- \/ Yoast SEO plugin. -->","yoast_head_json":{"title":"Sobre a Dune Bashing Dubai - Empresa de turismo de primeira linha no Dubai","description":"Conhe\u00e7a o Dune Bashing Dubai, uma empresa de turismo l\u00edder no Dubai desde 2011. Descubra a nossa paix\u00e3o pela aventura e o nosso compromisso com a seguran\u00e7a.","robots":{"index":"index","follow":"follow","max-snippet":"max-snippet:-1","max-image-preview":"max-image-preview:large","max-video-preview":"max-video-preview:-1"},"canonical":"https:\/\/www.dunebashing.net\/pt\/sobre-nos\/","og_locale":"pt_PT","og_type":"article","og_title":"About Dune Bashing Dubai - Premier Tourism Company in Dubai","og_description":"Learn about Dune Bashing Dubai, a leading tourism company in Dubai since 2011. Discover our passion for adventure, and commitment to safety.","og_url":"https:\/\/www.dunebashing.net\/pt\/sobre-nos\/","og_site_name":"Dune Bashing Dubai","article_publisher":"https:\/\/web.facebook.com\/dunebashing.net","article_modified_time":"2025-11-09T14:07:11+00:00","og_image":[{"width":1080,"height":1080,"url":"https:\/\/www.dunebashing.net\/wp-content\/uploads\/2024\/10\/About-Dune-Bashing-Dubai.webp","type":"image\/webp"}],"twitter_card":"summary_large_image","twitter_misc":{"Tempo estimado de leitura":"3 minutos"},"schema":{"@context":"https:\/\/schema.org","@graph":[{"@type":"WebPage","@id":"https:\/\/www.dunebashing.net\/about-us\/","url":"https:\/\/www.dunebashing.net\/about-us\/","name":"Sobre a Dune Bashing Dubai - Empresa de turismo de primeira linha no Dubai","isPartOf":{"@id":"https:\/\/www.dunebashing.net\/#website"},"primaryImageOfPage":{"@id":"https:\/\/www.dunebashing.net\/about-us\/#primaryimage"},"image":{"@id":"https:\/\/www.dunebashing.net\/about-us\/#primaryimage"},"thumbnailUrl":"https:\/\/www.dunebashing.net\/wp-content\/uploads\/2024\/10\/About-Dune-Bashing-Dubai.webp","datePublished":"2024-08-27T09:41:02+00:00","dateModified":"2025-11-09T14:07:11+00:00","description":"Conhe\u00e7a o Dune Bashing Dubai, uma empresa de turismo l\u00edder no Dubai desde 2011. Descubra a nossa paix\u00e3o pela aventura e o nosso compromisso com a seguran\u00e7a.","breadcrumb":{"@id":"https:\/\/www.dunebashing.net\/about-us\/#breadcrumb"},"inLanguage":"pt-PT","potentialAction":[{"@type":"ReadAction","target":["https:\/\/www.dunebashing.net\/about-us\/"]}]},{"@type":"ImageObject","inLanguage":"pt-PT","@id":"https:\/\/www.dunebashing.net\/about-us\/#primaryimage","url":"https:\/\/www.dunebashing.net\/wp-content\/uploads\/2024\/10\/About-Dune-Bashing-Dubai.webp","contentUrl":"https:\/\/www.dunebashing.net\/wp-content\/uploads\/2024\/10\/About-Dune-Bashing-Dubai.webp","width":1080,"height":1080,"caption":"About Dune Bashing Dubai"},{"@type":"BreadcrumbList","@id":"https:\/\/www.dunebashing.net\/about-us\/#breadcrumb","itemListElement":[{"@type":"ListItem","position":1,"name":"Home","item":"https:\/\/www.dunebashing.net\/"},{"@type":"ListItem","position":2,"name":"About Us"}]},{"@type":"WebSite","@id":"https:\/\/www.dunebashing.net\/#website","url":"https:\/\/www.dunebashing.net\/","name":"Dune Bashing em Dubai","description":"","publisher":{"@id":"https:\/\/www.dunebashing.net\/#organization"},"potentialAction":[{"@type":"SearchAction","target":{"@type":"EntryPoint","urlTemplate":"https:\/\/www.dunebashing.net\/?s={search_term_string}"},"query-input":{"@type":"PropertyValueSpecification","valueRequired":true,"valueName":"search_term_string"}}],"inLanguage":"pt-PT"},{"@type":"Organization","@id":"https:\/\/www.dunebashing.net\/#organization","name":"Dune Bashing em Dubai","url":"https:\/\/www.dunebashing.net\/","logo":{"@type":"ImageObject","inLanguage":"pt-PT","@id":"https:\/\/www.dunebashing.net\/#\/schema\/logo\/image\/","url":"https:\/\/www.dunebashing.net\/wp-content\/uploads\/2024\/08\/Logo-1.png","contentUrl":"https:\/\/www.dunebashing.net\/wp-content\/uploads\/2024\/08\/Logo-1.png","width":455,"height":304,"caption":"Dune Bashing Dubai"},"image":{"@id":"https:\/\/www.dunebashing.net\/#\/schema\/logo\/image\/"},"sameAs":["https:\/\/web.facebook.com\/dunebashing.net","https:\/\/www.instagram.com\/DuneBashingDubai"]}]}},"_links":{"self":[{"href":"https:\/\/www.dunebashing.net\/pt\/wp-json\/wp\/v2\/pages\/28","targetHints":{"allow":["GET"]}}],"collection":[{"href":"https:\/\/www.dunebashing.net\/pt\/wp-json\/wp\/v2\/pages"}],"about":[{"href":"https:\/\/www.dunebashing.net\/pt\/wp-json\/wp\/v2\/types\/page"}],"author":[{"embeddable":true,"href":"https:\/\/www.dunebashing.net\/pt\/wp-json\/wp\/v2\/users\/1"}],"replies":[{"embeddable":true,"href":"https:\/\/www.dunebashing.net\/pt\/wp-json\/wp\/v2\/comments?post=28"}],"version-history":[{"count":67,"href":"https:\/\/www.dunebashing.net\/pt\/wp-json\/wp\/v2\/pages\/28\/revisions"}],"predecessor-version":[{"id":10827,"href":"https:\/\/www.dunebashing.net\/pt\/wp-json\/wp\/v2\/pages\/28\/revisions\/10827"}],"wp:featuredmedia":[{"embeddable":true,"href":"https:\/\/www.dunebashing.net\/pt\/wp-json\/wp\/v2\/media\/1835"}],"wp:attachment":[{"href":"https:\/\/www.dunebashing.net\/pt\/wp-json\/wp\/v2\/media?parent=28"}],"curies":[{"name":"wp","href":"https:\/\/api.w.org\/{rel}","templated":true}]}}