{"id":3,"date":"2024-08-27T09:34:51","date_gmt":"2024-08-27T09:34:51","guid":{"rendered":"https:\/\/www.dunebashing.net\/?page_id=3"},"modified":"2025-11-09T20:23:34","modified_gmt":"2025-11-09T16:23:34","slug":"integritetspolicy","status":"publish","type":"page","link":"https:\/\/www.dunebashing.net\/sv\/privacy-policy\/","title":{"rendered":"Integritetspolicy"},"content":{"rendered":"\t\t<div data-elementor-type=\"wp-page\" data-elementor-id=\"3\" class=\"elementor elementor-3\" data-elementor-post-type=\"page\">\n\t\t\t\t<div class=\"elementor-element elementor-element-1b04278 e-flex e-con-boxed e-con e-parent\" data-id=\"1b04278\" data-element_type=\"container\" data-e-type=\"container\">\n\t\t\t\t\t<div class=\"e-con-inner\">\n\t\t\t\t<div class=\"elementor-element elementor-element-4cd08e9 elementor-widget elementor-widget-spacer\" data-id=\"4cd08e9\" data-element_type=\"widget\" data-e-type=\"widget\" data-widget_type=\"spacer.default\">\n\t\t\t\t<div class=\"elementor-widget-container\">\n\t\t\t\t\t\t\t<div class=\"elementor-spacer\">\n\t\t\t<div class=\"elementor-spacer-inner\"><\/div>\n\t\t<\/div>\n\t\t\t\t\t\t<\/div>\n\t\t\t\t<\/div>\n\t\t\t\t\t<\/div>\n\t\t\t\t<\/div>\n\t\t<div class=\"elementor-element elementor-element-9582478 e-con-full e-flex e-con e-parent\" data-id=\"9582478\" data-element_type=\"container\" data-e-type=\"container\">\n\t\t\t\t<div class=\"elementor-element elementor-element-5148f95 elementor-widget elementor-widget-heading\" data-id=\"5148f95\" data-element_type=\"widget\" data-e-type=\"widget\" data-widget_type=\"heading.default\">\n\t\t\t\t<div class=\"elementor-widget-container\">\n\t\t\t\t\t<h1 class=\"elementor-heading-title elementor-size-default\">Privacy Policy<\/h1>\t\t\t\t<\/div>\n\t\t\t\t<\/div>\n\t\t\t\t<div class=\"elementor-element elementor-element-5597d28 elementor-widget elementor-widget-heading\" data-id=\"5597d28\" data-element_type=\"widget\" data-e-type=\"widget\" data-widget_type=\"heading.default\">\n\t\t\t\t<div class=\"elementor-widget-container\">\n\t\t\t\t\t<h2 class=\"elementor-heading-title elementor-size-default\">Information Collection And Use<\/h2>\t\t\t\t<\/div>\n\t\t\t\t<\/div>\n\t\t\t\t<div class=\"elementor-element elementor-element-c70503d elementor-widget elementor-widget-heading\" data-id=\"c70503d\" data-element_type=\"widget\" data-e-type=\"widget\" data-widget_type=\"heading.default\">\n\t\t\t\t<div class=\"elementor-widget-container\">\n\t\t\t\t\t<h3 class=\"elementor-heading-title elementor-size-default\">Contact Us Information<\/h3>\t\t\t\t<\/div>\n\t\t\t\t<\/div>\n\t\t\t\t<div class=\"elementor-element elementor-element-530fc4c elementor-widget elementor-widget-text-editor\" data-id=\"530fc4c\" data-element_type=\"widget\" data-e-type=\"widget\" data-widget_type=\"text-editor.default\">\n\t\t\t\t<div class=\"elementor-widget-container\">\n\t\t\t\t\t\t\t\t\t<p>In order to put the order through the website, you must have to fill the form; during the email form, you [are required to] give[s] contact information (such as name and email address). We use this information to contact you about the desert tour in which you have expressed interest. All email inquiries are processed through our email support system. In addition, you will receive automated confirmation emails from <a href=\"https:\/\/www.dunebashing.net\/\">Dune Bashing<\/a>\u00a0Sales Team.<\/p>\t\t\t\t\t\t\t\t<\/div>\n\t\t\t\t<\/div>\n\t\t\t\t<div class=\"elementor-element elementor-element-354caf0 elementor-widget elementor-widget-heading\" data-id=\"354caf0\" data-element_type=\"widget\" data-e-type=\"widget\" data-widget_type=\"heading.default\">\n\t\t\t\t<div class=\"elementor-widget-container\">\n\t\t\t\t\t<h3 class=\"elementor-heading-title elementor-size-default\">Orders<\/h3>\t\t\t\t<\/div>\n\t\t\t\t<\/div>\n\t\t\t\t<div class=\"elementor-element elementor-element-0178a59 elementor-widget elementor-widget-text-editor\" data-id=\"0178a59\" data-element_type=\"widget\" data-e-type=\"widget\" data-widget_type=\"text-editor.default\">\n\t\t\t\t<div class=\"elementor-widget-container\">\n\t\t\t\t\t\t\t\t\t<p>If you purchase a product or service from\u00a0Desert Safari Dubai, we request certain personally identifiable information from you on our order form. You must provide contact information (such as name, email, and address). We use this information for billing purposes and to fill your orders. If we have trouble processing an order, we will use this information to contact you. In addition, we will send you regular updates about the services you have purchased. To communicate those updates promptly, we will use the contact information provided to us. Please ensure all details are correct. We run fraud checks on credit card payments and bookings; sometimes, we ask you to provide a copy of any identification document such as a passport or driving license. We have every right to cancel a booking if card verification fails and report it to the authorities.<\/p>\t\t\t\t\t\t\t\t<\/div>\n\t\t\t\t<\/div>\n\t\t\t\t<div class=\"elementor-element elementor-element-307bcdc elementor-widget elementor-widget-heading\" data-id=\"307bcdc\" data-element_type=\"widget\" data-e-type=\"widget\" data-widget_type=\"heading.default\">\n\t\t\t\t<div class=\"elementor-widget-container\">\n\t\t\t\t\t<h3 class=\"elementor-heading-title elementor-size-default\">Newsletters<\/h3>\t\t\t\t<\/div>\n\t\t\t\t<\/div>\n\t\t\t\t<div class=\"elementor-element elementor-element-cd76e7f elementor-widget elementor-widget-text-editor\" data-id=\"cd76e7f\" data-element_type=\"widget\" data-e-type=\"widget\" data-widget_type=\"text-editor.default\">\n\t\t\t\t<div class=\"elementor-widget-container\">\n\t\t\t\t\t\t\t\t\t<p>If you wish to subscribe to our newsletter(s), we will use your name and email address to send the newsletter to you. Out of respect for your privacy, we provide you a way to unsubscribe.<\/p>\t\t\t\t\t\t\t\t<\/div>\n\t\t\t\t<\/div>\n\t\t\t\t<div class=\"elementor-element elementor-element-d766ff4 elementor-widget elementor-widget-heading\" data-id=\"d766ff4\" data-element_type=\"widget\" data-e-type=\"widget\" data-widget_type=\"heading.default\">\n\t\t\t\t<div class=\"elementor-widget-container\">\n\t\t\t\t\t<h3 class=\"elementor-heading-title elementor-size-default\">Trip Information<\/h3>\t\t\t\t<\/div>\n\t\t\t\t<\/div>\n\t\t\t\t<div class=\"elementor-element elementor-element-aa6fc00 elementor-widget elementor-widget-text-editor\" data-id=\"aa6fc00\" data-element_type=\"widget\" data-e-type=\"widget\" data-widget_type=\"text-editor.default\">\n\t\t\t\t<div class=\"elementor-widget-container\">\n\t\t\t\t\t\t\t\t\t<p>We will take photos of you on the desert trip if you agree, and we will use them in our photo gallery and social media. We will also ask you to like our Facebook page, and we might share your photos on social media but with your authorization and concurrence.<\/p>\t\t\t\t\t\t\t\t<\/div>\n\t\t\t\t<\/div>\n\t\t\t\t<div class=\"elementor-element elementor-element-4f40f8c elementor-widget elementor-widget-heading\" data-id=\"4f40f8c\" data-element_type=\"widget\" data-e-type=\"widget\" data-widget_type=\"heading.default\">\n\t\t\t\t<div class=\"elementor-widget-container\">\n\t\t\t\t\t<h3 class=\"elementor-heading-title elementor-size-default\">Customer Service<\/h3>\t\t\t\t<\/div>\n\t\t\t\t<\/div>\n\t\t\t\t<div class=\"elementor-element elementor-element-bc1e22c elementor-widget elementor-widget-text-editor\" data-id=\"bc1e22c\" data-element_type=\"widget\" data-e-type=\"widget\" data-widget_type=\"text-editor.default\">\n\t\t\t\t<div class=\"elementor-widget-container\">\n\t\t\t\t\t\t\t\t\t<p>Based on the personally identifiable information you provide us, we will send you a welcoming email. We will also communicate with you in response to your inquiries, provide the services you request, and manage your account. Furthermore, we will communicate with you by email, telephone, SMS, Chat, instant messenger, or WhatsApp according to your wishes.<\/p>\t\t\t\t\t\t\t\t<\/div>\n\t\t\t\t<\/div>\n\t\t\t\t<div class=\"elementor-element elementor-element-93baeb8 elementor-widget elementor-widget-heading\" data-id=\"93baeb8\" data-element_type=\"widget\" data-e-type=\"widget\" data-widget_type=\"heading.default\">\n\t\t\t\t<div class=\"elementor-widget-container\">\n\t\t\t\t\t<h3 class=\"elementor-heading-title elementor-size-default\">Profile<\/h3>\t\t\t\t<\/div>\n\t\t\t\t<\/div>\n\t\t\t\t<div class=\"elementor-element elementor-element-c6da9cf elementor-widget elementor-widget-text-editor\" data-id=\"c6da9cf\" data-element_type=\"widget\" data-e-type=\"widget\" data-widget_type=\"text-editor.default\">\n\t\t\t\t<div class=\"elementor-widget-container\">\n\t\t\t\t\t\t\t\t\t<p>We store information that we collect through cookies, log files, clear gifs, and third-party sources to create a \u201cprofile\u201d of your preferences. We tie your personally identifiable information and your purchasing history to lead in the profile to provide tailored promotions and marketing offers and improve the site&#8217;s content for you. Sometimes, we may be required to share your profile with our suppliers to fulfill your order accurately.<\/p>\t\t\t\t\t\t\t\t<\/div>\n\t\t\t\t<\/div>\n\t\t\t\t<\/div>\n\t\t<div class=\"elementor-element elementor-element-7005967 e-flex e-con-boxed e-con e-parent\" data-id=\"7005967\" data-element_type=\"container\" data-e-type=\"container\">\n\t\t\t\t\t<div class=\"e-con-inner\">\n\t\t\t\t<div class=\"elementor-element elementor-element-47c6d9c elementor-widget elementor-widget-spacer\" data-id=\"47c6d9c\" data-element_type=\"widget\" data-e-type=\"widget\" data-widget_type=\"spacer.default\">\n\t\t\t\t<div class=\"elementor-widget-container\">\n\t\t\t\t\t\t\t<div class=\"elementor-spacer\">\n\t\t\t<div class=\"elementor-spacer-inner\"><\/div>\n\t\t<\/div>\n\t\t\t\t\t\t<\/div>\n\t\t\t\t<\/div>\n\t\t\t\t\t<\/div>\n\t\t\t\t<\/div>\n\t\t<div class=\"elementor-element elementor-element-54516ae e-flex e-con-boxed e-con e-parent\" data-id=\"54516ae\" data-element_type=\"container\" data-e-type=\"container\">\n\t\t\t\t\t<div class=\"e-con-inner\">\n\t\t\t\t<div class=\"elementor-element elementor-element-e8dc8aa elementor-widget elementor-widget-shortcode\" data-id=\"e8dc8aa\" data-element_type=\"widget\" data-e-type=\"widget\" data-widget_type=\"shortcode.default\">\n\t\t\t\t<div class=\"elementor-widget-container\">\n\t\t\t\t\t\t\t<div class=\"elementor-shortcode\"><script type=\"application\/ld+json\">\n{\n  \"@context\": \"https:\/\/schema.org\",\n  \"@graph\": [\n    {\n      \"@type\": [\"WebPage\", \"AboutPage\"],\n      \"@id\": \"[dbd type=\\\"url\\\"]#about\",\n      \"url\": \"[dbd type=\\\"url\\\"]\",\n      \"name\":\"[dbd type=\"title_trp\"]\",\n      \"description\":\"[dbd type=\"meta_trp\" key=\"_yoast_wpseo_metadesc\"]\",\n      \"inLanguage\":\"[dbd type=\"lang\"]\",\n      \"isPartOf\": { \"@id\": \"https:\/\/www.dunebashing.net\/#website\" },\n      \"about\": { \"@id\": \"https:\/\/www.dunebashing.net\/#organization\" },\n      \"primaryImageOfPage\": {\n        \"@type\": \"ImageObject\",\n        \"url\": \"https:\/\/www.dunebashing.net\/wp-content\/uploads\/2024\/08\/dune-bashing-dubai-logo.png\" }\n\n    },\n    {\n      \"@type\": \"Organization\",\n      \"@id\": \"https:\/\/www.dunebashing.net\/#organization\",\n      \"name\": \"Dune Bashing Dubai\",\n      \"url\": \"https:\/\/www.dunebashing.net\/\",\n      \"logo\": {\n        \"@type\": \"ImageObject\",\n        \"url\": \"https:\/\/www.dunebashing.net\/wp-content\/uploads\/2024\/10\/logo.webp\"\n      },\n      \"sameAs\": [\n        \"https:\/\/maps.app.goo.gl\/BtV7P7bzcCJu6xXo6\"\n      ],\n      \"contactPoint\": [\n        {\n          \"@type\": \"ContactPoint\",\n          \"contactType\": \"customer support\",\n          \"telephone\": \"+971503944761\",\n          \"email\": \"sales@dunebashing.net\",\n          \"areaServed\": \"AE\",\n          \"availableLanguage\": [\n            \"EN\",\n            \"TR\",\n            \"AR\",\n            \"DE\",\n            \"NL\",\n            \"RU\",\n            \"PT\",\n            \"IT\",\n            \"ES\",\n            \"FR\",\n            \"HE\",\n            \"ZH\",\n            \"JA\",\n            \"KO\",\n            \"SV\",\n            \"NN\",\n            \"MS\"\n          ]\n        }\n      ]\n    },\n    {\n      \"@type\": \"WebSite\",\n      \"@id\": \"https:\/\/www.dunebashing.net\/#website\",\n      \"url\": \"https:\/\/www.dunebashing.net\/\",\n      \"name\": \"Dune Bashing Dubai\"\n    }\n  ]\n}\n<\/script>\n<\/div>\n\t\t\t\t\t\t<\/div>\n\t\t\t\t<\/div>\n\t\t\t\t\t<\/div>\n\t\t\t\t<\/div>\n\t\t\t\t<\/div>\n\t\t","protected":false},"excerpt":{"rendered":"<p>Privacy Policy Information Collection And Use Contact Us Information In order to put the order through the website, you must have to fill the form; during the email form, you [are required to] give[s] contact information (such as name and email address). We use this information to contact you about the desert tour in which [&hellip;]<\/p>\n","protected":false},"author":1,"featured_media":1833,"parent":0,"menu_order":0,"comment_status":"closed","ping_status":"open","template":"","meta":{"footnotes":""},"class_list":["post-3","page","type-page","status-publish","has-post-thumbnail","hentry"],"yoast_head":"<!-- This site is optimized with the Yoast SEO plugin v27.4 - https:\/\/yoast.com\/product\/yoast-seo-wordpress\/ -->\n<title>Privacy Policy - Dune Bashing Dubai - Your Data Protection<\/title>\n<meta name=\"description\" content=\"Read our Privacy Policy to learn how Dune Bashing safeguards your personal info and ensures data security during your safari booking tour.\" \/>\n<meta name=\"robots\" content=\"index, follow, max-snippet:-1, max-image-preview:large, max-video-preview:-1\" \/>\n<link rel=\"canonical\" href=\"https:\/\/www.dunebashing.net\/sv\/integritetspolicy\/\" \/>\n<meta property=\"og:locale\" content=\"sv_SE\" \/>\n<meta property=\"og:type\" content=\"article\" \/>\n<meta property=\"og:title\" content=\"Privacy Policy - Dune Bashing Dubai - Your Data Protection\" \/>\n<meta property=\"og:description\" content=\"Read our Privacy Policy to learn how Dune Bashing safeguards your personal info and ensures data security during your safari booking tour.\" \/>\n<meta property=\"og:url\" content=\"https:\/\/www.dunebashing.net\/sv\/integritetspolicy\/\" \/>\n<meta property=\"og:site_name\" content=\"Dune Bashing Dubai\" \/>\n<meta property=\"article:publisher\" content=\"https:\/\/web.facebook.com\/dunebashing.net\" \/>\n<meta property=\"article:modified_time\" content=\"2025-11-09T16:23:34+00:00\" \/>\n<meta property=\"og:image\" content=\"https:\/\/www.dunebashing.net\/wp-content\/uploads\/2024\/10\/Privacy-Policy-Of-Dune-Bashing.png\" \/>\n\t<meta property=\"og:image:width\" content=\"1080\" \/>\n\t<meta property=\"og:image:height\" content=\"1080\" \/>\n\t<meta property=\"og:image:type\" content=\"image\/png\" \/>\n<meta name=\"twitter:card\" content=\"summary_large_image\" \/>\n<meta name=\"twitter:label1\" content=\"Ber\u00e4knad l\u00e4stid\" \/>\n\t<meta name=\"twitter:data1\" content=\"2 minuter\" \/>\n<script type=\"application\/ld+json\" class=\"yoast-schema-graph\">{\"@context\":\"https:\\\/\\\/schema.org\",\"@graph\":[{\"@type\":\"WebPage\",\"@id\":\"https:\\\/\\\/www.dunebashing.net\\\/privacy-policy\\\/\",\"url\":\"https:\\\/\\\/www.dunebashing.net\\\/privacy-policy\\\/\",\"name\":\"Privacy Policy - Dune Bashing Dubai - Your Data Protection\",\"isPartOf\":{\"@id\":\"https:\\\/\\\/www.dunebashing.net\\\/#website\"},\"primaryImageOfPage\":{\"@id\":\"https:\\\/\\\/www.dunebashing.net\\\/privacy-policy\\\/#primaryimage\"},\"image\":{\"@id\":\"https:\\\/\\\/www.dunebashing.net\\\/privacy-policy\\\/#primaryimage\"},\"thumbnailUrl\":\"https:\\\/\\\/www.dunebashing.net\\\/wp-content\\\/uploads\\\/2024\\\/10\\\/Privacy-Policy-Of-Dune-Bashing.png\",\"datePublished\":\"2024-08-27T09:34:51+00:00\",\"dateModified\":\"2025-11-09T16:23:34+00:00\",\"description\":\"Read our Privacy Policy to learn how Dune Bashing safeguards your personal info and ensures data security during your safari booking tour.\",\"breadcrumb\":{\"@id\":\"https:\\\/\\\/www.dunebashing.net\\\/privacy-policy\\\/#breadcrumb\"},\"inLanguage\":\"sv-SE\",\"potentialAction\":[{\"@type\":\"ReadAction\",\"target\":[\"https:\\\/\\\/www.dunebashing.net\\\/privacy-policy\\\/\"]}]},{\"@type\":\"ImageObject\",\"inLanguage\":\"sv-SE\",\"@id\":\"https:\\\/\\\/www.dunebashing.net\\\/privacy-policy\\\/#primaryimage\",\"url\":\"https:\\\/\\\/www.dunebashing.net\\\/wp-content\\\/uploads\\\/2024\\\/10\\\/Privacy-Policy-Of-Dune-Bashing.png\",\"contentUrl\":\"https:\\\/\\\/www.dunebashing.net\\\/wp-content\\\/uploads\\\/2024\\\/10\\\/Privacy-Policy-Of-Dune-Bashing.png\",\"width\":1080,\"height\":1080,\"caption\":\"Privacy Policy Of Dune Bashing\"},{\"@type\":\"BreadcrumbList\",\"@id\":\"https:\\\/\\\/www.dunebashing.net\\\/privacy-policy\\\/#breadcrumb\",\"itemListElement\":[{\"@type\":\"ListItem\",\"position\":1,\"name\":\"Home\",\"item\":\"https:\\\/\\\/www.dunebashing.net\\\/\"},{\"@type\":\"ListItem\",\"position\":2,\"name\":\"Privacy Policy\"}]},{\"@type\":\"WebSite\",\"@id\":\"https:\\\/\\\/www.dunebashing.net\\\/#website\",\"url\":\"https:\\\/\\\/www.dunebashing.net\\\/\",\"name\":\"Dune Bashing Dubai\",\"description\":\"\",\"publisher\":{\"@id\":\"https:\\\/\\\/www.dunebashing.net\\\/#organization\"},\"potentialAction\":[{\"@type\":\"SearchAction\",\"target\":{\"@type\":\"EntryPoint\",\"urlTemplate\":\"https:\\\/\\\/www.dunebashing.net\\\/?s={search_term_string}\"},\"query-input\":{\"@type\":\"PropertyValueSpecification\",\"valueRequired\":true,\"valueName\":\"search_term_string\"}}],\"inLanguage\":\"sv-SE\"},{\"@type\":\"Organization\",\"@id\":\"https:\\\/\\\/www.dunebashing.net\\\/#organization\",\"name\":\"Dune Bashing Dubai\",\"url\":\"https:\\\/\\\/www.dunebashing.net\\\/\",\"logo\":{\"@type\":\"ImageObject\",\"inLanguage\":\"sv-SE\",\"@id\":\"https:\\\/\\\/www.dunebashing.net\\\/#\\\/schema\\\/logo\\\/image\\\/\",\"url\":\"https:\\\/\\\/www.dunebashing.net\\\/wp-content\\\/uploads\\\/2024\\\/08\\\/Logo-1.png\",\"contentUrl\":\"https:\\\/\\\/www.dunebashing.net\\\/wp-content\\\/uploads\\\/2024\\\/08\\\/Logo-1.png\",\"width\":455,\"height\":304,\"caption\":\"Dune Bashing Dubai\"},\"image\":{\"@id\":\"https:\\\/\\\/www.dunebashing.net\\\/#\\\/schema\\\/logo\\\/image\\\/\"},\"sameAs\":[\"https:\\\/\\\/web.facebook.com\\\/dunebashing.net\",\"https:\\\/\\\/www.instagram.com\\\/DuneBashingDubai\"]}]}<\/script>\n<!-- \/ Yoast SEO plugin. -->","yoast_head_json":{"title":"Integritetspolicy - Dune Bashing Dubai - Ditt dataskydd","description":"L\u00e4s v\u00e5r integritetspolicy f\u00f6r att l\u00e4ra dig hur Dune Bashing skyddar din personliga information och s\u00e4kerst\u00e4ller datas\u00e4kerhet under din safaribokning.","robots":{"index":"index","follow":"follow","max-snippet":"max-snippet:-1","max-image-preview":"max-image-preview:large","max-video-preview":"max-video-preview:-1"},"canonical":"https:\/\/www.dunebashing.net\/sv\/integritetspolicy\/","og_locale":"sv_SE","og_type":"article","og_title":"Privacy Policy - Dune Bashing Dubai - Your Data Protection","og_description":"Read our Privacy Policy to learn how Dune Bashing safeguards your personal info and ensures data security during your safari booking tour.","og_url":"https:\/\/www.dunebashing.net\/sv\/integritetspolicy\/","og_site_name":"Dune Bashing Dubai","article_publisher":"https:\/\/web.facebook.com\/dunebashing.net","article_modified_time":"2025-11-09T16:23:34+00:00","og_image":[{"width":1080,"height":1080,"url":"https:\/\/www.dunebashing.net\/wp-content\/uploads\/2024\/10\/Privacy-Policy-Of-Dune-Bashing.png","type":"image\/png"}],"twitter_card":"summary_large_image","twitter_misc":{"Ber\u00e4knad l\u00e4stid":"2 minuter"},"schema":{"@context":"https:\/\/schema.org","@graph":[{"@type":"WebPage","@id":"https:\/\/www.dunebashing.net\/privacy-policy\/","url":"https:\/\/www.dunebashing.net\/privacy-policy\/","name":"Integritetspolicy - Dune Bashing Dubai - Ditt dataskydd","isPartOf":{"@id":"https:\/\/www.dunebashing.net\/#website"},"primaryImageOfPage":{"@id":"https:\/\/www.dunebashing.net\/privacy-policy\/#primaryimage"},"image":{"@id":"https:\/\/www.dunebashing.net\/privacy-policy\/#primaryimage"},"thumbnailUrl":"https:\/\/www.dunebashing.net\/wp-content\/uploads\/2024\/10\/Privacy-Policy-Of-Dune-Bashing.png","datePublished":"2024-08-27T09:34:51+00:00","dateModified":"2025-11-09T16:23:34+00:00","description":"L\u00e4s v\u00e5r integritetspolicy f\u00f6r att l\u00e4ra dig hur Dune Bashing skyddar din personliga information och s\u00e4kerst\u00e4ller datas\u00e4kerhet under din safaribokning.","breadcrumb":{"@id":"https:\/\/www.dunebashing.net\/privacy-policy\/#breadcrumb"},"inLanguage":"sv-SE","potentialAction":[{"@type":"ReadAction","target":["https:\/\/www.dunebashing.net\/privacy-policy\/"]}]},{"@type":"ImageObject","inLanguage":"sv-SE","@id":"https:\/\/www.dunebashing.net\/privacy-policy\/#primaryimage","url":"https:\/\/www.dunebashing.net\/wp-content\/uploads\/2024\/10\/Privacy-Policy-Of-Dune-Bashing.png","contentUrl":"https:\/\/www.dunebashing.net\/wp-content\/uploads\/2024\/10\/Privacy-Policy-Of-Dune-Bashing.png","width":1080,"height":1080,"caption":"Privacy Policy Of Dune Bashing"},{"@type":"BreadcrumbList","@id":"https:\/\/www.dunebashing.net\/privacy-policy\/#breadcrumb","itemListElement":[{"@type":"ListItem","position":1,"name":"Home","item":"https:\/\/www.dunebashing.net\/"},{"@type":"ListItem","position":2,"name":"Privacy Policy"}]},{"@type":"WebSite","@id":"https:\/\/www.dunebashing.net\/#website","url":"https:\/\/www.dunebashing.net\/","name":"Dune Bashing Dubai","description":"","publisher":{"@id":"https:\/\/www.dunebashing.net\/#organization"},"potentialAction":[{"@type":"SearchAction","target":{"@type":"EntryPoint","urlTemplate":"https:\/\/www.dunebashing.net\/?s={search_term_string}"},"query-input":{"@type":"PropertyValueSpecification","valueRequired":true,"valueName":"search_term_string"}}],"inLanguage":"sv-SE"},{"@type":"Organization","@id":"https:\/\/www.dunebashing.net\/#organization","name":"Dune Bashing Dubai","url":"https:\/\/www.dunebashing.net\/","logo":{"@type":"ImageObject","inLanguage":"sv-SE","@id":"https:\/\/www.dunebashing.net\/#\/schema\/logo\/image\/","url":"https:\/\/www.dunebashing.net\/wp-content\/uploads\/2024\/08\/Logo-1.png","contentUrl":"https:\/\/www.dunebashing.net\/wp-content\/uploads\/2024\/08\/Logo-1.png","width":455,"height":304,"caption":"Dune Bashing Dubai"},"image":{"@id":"https:\/\/www.dunebashing.net\/#\/schema\/logo\/image\/"},"sameAs":["https:\/\/web.facebook.com\/dunebashing.net","https:\/\/www.instagram.com\/DuneBashingDubai"]}]}},"_links":{"self":[{"href":"https:\/\/www.dunebashing.net\/sv\/wp-json\/wp\/v2\/pages\/3","targetHints":{"allow":["GET"]}}],"collection":[{"href":"https:\/\/www.dunebashing.net\/sv\/wp-json\/wp\/v2\/pages"}],"about":[{"href":"https:\/\/www.dunebashing.net\/sv\/wp-json\/wp\/v2\/types\/page"}],"author":[{"embeddable":true,"href":"https:\/\/www.dunebashing.net\/sv\/wp-json\/wp\/v2\/users\/1"}],"replies":[{"embeddable":true,"href":"https:\/\/www.dunebashing.net\/sv\/wp-json\/wp\/v2\/comments?post=3"}],"version-history":[{"count":28,"href":"https:\/\/www.dunebashing.net\/sv\/wp-json\/wp\/v2\/pages\/3\/revisions"}],"predecessor-version":[{"id":10842,"href":"https:\/\/www.dunebashing.net\/sv\/wp-json\/wp\/v2\/pages\/3\/revisions\/10842"}],"wp:featuredmedia":[{"embeddable":true,"href":"https:\/\/www.dunebashing.net\/sv\/wp-json\/wp\/v2\/media\/1833"}],"wp:attachment":[{"href":"https:\/\/www.dunebashing.net\/sv\/wp-json\/wp\/v2\/media?parent=3"}],"curies":[{"name":"wp","href":"https:\/\/api.w.org\/{rel}","templated":true}]}}