{"id":30,"date":"2024-08-27T09:41:23","date_gmt":"2024-08-27T09:41:23","guid":{"rendered":"https:\/\/www.dunebashing.net\/?page_id=30"},"modified":"2025-11-09T20:23:52","modified_gmt":"2025-11-09T16:23:52","slug":"villkor-och-bestammelser","status":"publish","type":"page","link":"https:\/\/www.dunebashing.net\/sv\/terms-and-conditions\/","title":{"rendered":"Villkor och best\u00e4mmelser"},"content":{"rendered":"\t\t<div data-elementor-type=\"wp-page\" data-elementor-id=\"30\" class=\"elementor elementor-30\" data-elementor-post-type=\"page\">\n\t\t\t\t<div class=\"elementor-element elementor-element-2279e90 e-flex e-con-boxed e-con e-parent\" data-id=\"2279e90\" data-element_type=\"container\" data-e-type=\"container\">\n\t\t\t\t\t<div class=\"e-con-inner\">\n\t\t\t\t<div class=\"elementor-element elementor-element-2faa73e elementor-widget elementor-widget-spacer\" data-id=\"2faa73e\" data-element_type=\"widget\" data-e-type=\"widget\" data-widget_type=\"spacer.default\">\n\t\t\t\t<div class=\"elementor-widget-container\">\n\t\t\t\t\t\t\t<div class=\"elementor-spacer\">\n\t\t\t<div class=\"elementor-spacer-inner\"><\/div>\n\t\t<\/div>\n\t\t\t\t\t\t<\/div>\n\t\t\t\t<\/div>\n\t\t\t\t\t<\/div>\n\t\t\t\t<\/div>\n\t\t<div class=\"elementor-element elementor-element-e4c49c4 e-con-full e-flex e-con e-parent\" data-id=\"e4c49c4\" data-element_type=\"container\" data-e-type=\"container\">\n\t\t\t\t<div class=\"elementor-element elementor-element-653097d elementor-widget elementor-widget-heading\" data-id=\"653097d\" data-element_type=\"widget\" data-e-type=\"widget\" data-widget_type=\"heading.default\">\n\t\t\t\t<div class=\"elementor-widget-container\">\n\t\t\t\t\t<h1 class=\"elementor-heading-title elementor-size-default\">Terms and Conditions\u200b<\/h1>\t\t\t\t<\/div>\n\t\t\t\t<\/div>\n\t\t\t\t<div class=\"elementor-element elementor-element-8c1a8b7 elementor-widget elementor-widget-heading\" data-id=\"8c1a8b7\" data-element_type=\"widget\" data-e-type=\"widget\" data-widget_type=\"heading.default\">\n\t\t\t\t<div class=\"elementor-widget-container\">\n\t\t\t\t\t<h2 class=\"elementor-heading-title elementor-size-default\">Desert Safari Booking Terms<\/h2>\t\t\t\t<\/div>\n\t\t\t\t<\/div>\n\t\t\t\t<div class=\"elementor-element elementor-element-734098d elementor-widget elementor-widget-toggle\" data-id=\"734098d\" data-element_type=\"widget\" data-e-type=\"widget\" data-widget_type=\"toggle.default\">\n\t\t\t\t<div class=\"elementor-widget-container\">\n\t\t\t\t\t\t\t<div class=\"elementor-toggle\">\n\t\t\t\t\t\t\t<div class=\"elementor-toggle-item\">\n\t\t\t\t\t<div id=\"elementor-tab-title-1201\" class=\"elementor-tab-title\" data-tab=\"1\" role=\"button\" aria-controls=\"elementor-tab-content-1201\" aria-expanded=\"false\">\n\t\t\t\t\t\t\t\t\t\t\t\t<span class=\"elementor-toggle-icon elementor-toggle-icon-right\" aria-hidden=\"true\">\n\t\t\t\t\t\t\t\t\t\t\t\t\t\t\t<span class=\"elementor-toggle-icon-closed\"><svg class=\"e-font-icon-svg e-fas-caret-left\" viewBox=\"0 0 192 512\" xmlns=\"http:\/\/www.w3.org\/2000\/svg\"><path d=\"M192 127.338v257.324c0 17.818-21.543 26.741-34.142 14.142L29.196 270.142c-7.81-7.81-7.81-20.474 0-28.284l128.662-128.662c12.599-12.6 34.142-3.676 34.142 14.142z\"><\/path><\/svg><\/span>\n\t\t\t\t\t\t\t\t<span class=\"elementor-toggle-icon-opened\"><svg class=\"elementor-toggle-icon-opened e-font-icon-svg e-fas-caret-up\" viewBox=\"0 0 320 512\" xmlns=\"http:\/\/www.w3.org\/2000\/svg\"><path d=\"M288.662 352H31.338c-17.818 0-26.741-21.543-14.142-34.142l128.662-128.662c7.81-7.81 20.474-7.81 28.284 0l128.662 128.662c12.6 12.599 3.676 34.142-14.142 34.142z\"><\/path><\/svg><\/span>\n\t\t\t\t\t\t\t\t\t\t\t\t\t<\/span>\n\t\t\t\t\t\t\t\t\t\t\t\t<a class=\"elementor-toggle-title\" tabindex=\"0\">S.I.C. : Seat in Coach; depending upon the number of participants and requirements. Either a saloon-car\/7-seater\/4-wd\/small bus or coach will be utilized} for all dune bashing tours (half-day\/full-day)<\/a>\n\t\t\t\t\t<\/div>\n\n\t\t\t\t\t<div id=\"elementor-tab-content-1201\" class=\"elementor-tab-content elementor-clearfix\" data-tab=\"1\" role=\"region\" aria-labelledby=\"elementor-tab-title-1201\"><p>4&#215;4 Four Wheel Drive vehicles (Toyota Land Cruiser or similar) licensed to carry 6-passengers plus the safari driver will be utilized.<\/p><\/div>\n\t\t\t\t<\/div>\n\t\t\t\t\t\t\t<div class=\"elementor-toggle-item\">\n\t\t\t\t\t<div id=\"elementor-tab-title-1202\" class=\"elementor-tab-title\" data-tab=\"2\" role=\"button\" aria-controls=\"elementor-tab-content-1202\" aria-expanded=\"false\">\n\t\t\t\t\t\t\t\t\t\t\t\t<span class=\"elementor-toggle-icon elementor-toggle-icon-right\" aria-hidden=\"true\">\n\t\t\t\t\t\t\t\t\t\t\t\t\t\t\t<span class=\"elementor-toggle-icon-closed\"><svg class=\"e-font-icon-svg e-fas-caret-left\" viewBox=\"0 0 192 512\" xmlns=\"http:\/\/www.w3.org\/2000\/svg\"><path d=\"M192 127.338v257.324c0 17.818-21.543 26.741-34.142 14.142L29.196 270.142c-7.81-7.81-7.81-20.474 0-28.284l128.662-128.662c12.599-12.6 34.142-3.676 34.142 14.142z\"><\/path><\/svg><\/span>\n\t\t\t\t\t\t\t\t<span class=\"elementor-toggle-icon-opened\"><svg class=\"elementor-toggle-icon-opened e-font-icon-svg e-fas-caret-up\" viewBox=\"0 0 320 512\" xmlns=\"http:\/\/www.w3.org\/2000\/svg\"><path d=\"M288.662 352H31.338c-17.818 0-26.741-21.543-14.142-34.142l128.662-128.662c7.81-7.81 20.474-7.81 28.284 0l128.662 128.662c12.6 12.599 3.676 34.142-14.142 34.142z\"><\/path><\/svg><\/span>\n\t\t\t\t\t\t\t\t\t\t\t\t\t<\/span>\n\t\t\t\t\t\t\t\t\t\t\t\t<a class=\"elementor-toggle-title\" tabindex=\"0\">Child prices apply to children 3-8 years of age. Infants below the age of 3 (without a seat) will not be charged.<\/a>\n\t\t\t\t\t<\/div>\n\n\t\t\t\t\t<div id=\"elementor-tab-content-1202\" class=\"elementor-tab-content elementor-clearfix\" data-tab=\"2\" role=\"region\" aria-labelledby=\"elementor-tab-title-1202\"><p>All of our vehicles are fitted with air-conditioning and safety belts and are fully covered by comprehensive insurance.<\/p><\/div>\n\t\t\t\t<\/div>\n\t\t\t\t\t\t\t<div class=\"elementor-toggle-item\">\n\t\t\t\t\t<div id=\"elementor-tab-title-1203\" class=\"elementor-tab-title\" data-tab=\"3\" role=\"button\" aria-controls=\"elementor-tab-content-1203\" aria-expanded=\"false\">\n\t\t\t\t\t\t\t\t\t\t\t\t<span class=\"elementor-toggle-icon elementor-toggle-icon-right\" aria-hidden=\"true\">\n\t\t\t\t\t\t\t\t\t\t\t\t\t\t\t<span class=\"elementor-toggle-icon-closed\"><svg class=\"e-font-icon-svg e-fas-caret-left\" viewBox=\"0 0 192 512\" xmlns=\"http:\/\/www.w3.org\/2000\/svg\"><path d=\"M192 127.338v257.324c0 17.818-21.543 26.741-34.142 14.142L29.196 270.142c-7.81-7.81-7.81-20.474 0-28.284l128.662-128.662c12.599-12.6 34.142-3.676 34.142 14.142z\"><\/path><\/svg><\/span>\n\t\t\t\t\t\t\t\t<span class=\"elementor-toggle-icon-opened\"><svg class=\"elementor-toggle-icon-opened e-font-icon-svg e-fas-caret-up\" viewBox=\"0 0 320 512\" xmlns=\"http:\/\/www.w3.org\/2000\/svg\"><path d=\"M288.662 352H31.338c-17.818 0-26.741-21.543-14.142-34.142l128.662-128.662c7.81-7.81 20.474-7.81 28.284 0l128.662 128.662c12.6 12.599 3.676 34.142-14.142 34.142z\"><\/path><\/svg><\/span>\n\t\t\t\t\t\t\t\t\t\t\t\t\t<\/span>\n\t\t\t\t\t\t\t\t\t\t\t\t<a class=\"elementor-toggle-title\" tabindex=\"0\">All of our vehicles are fitted with air-conditioning and safety belts and are fully covered by comprehensive insurance.<\/a>\n\t\t\t\t\t<\/div>\n\n\t\t\t\t\t<div id=\"elementor-tab-content-1203\" class=\"elementor-tab-content elementor-clearfix\" data-tab=\"3\" role=\"region\" aria-labelledby=\"elementor-tab-title-1203\"><p>Special New Years Eve programme details may apply for the\u00a0Evening Desert Safari\u00a0\/ Dhow Dinner Cruise. Programme details and rates will be advised prior to the event date.<\/p><\/div>\n\t\t\t\t<\/div>\n\t\t\t\t\t\t\t\t<\/div>\n\t\t\t\t\t\t<\/div>\n\t\t\t\t<\/div>\n\t\t\t\t<\/div>\n\t\t<div class=\"elementor-element elementor-element-e28ef18 e-flex e-con-boxed e-con e-parent\" data-id=\"e28ef18\" data-element_type=\"container\" data-e-type=\"container\">\n\t\t\t\t\t<div class=\"e-con-inner\">\n\t\t\t\t<div class=\"elementor-element elementor-element-d8d8748 elementor-widget elementor-widget-spacer\" data-id=\"d8d8748\" data-element_type=\"widget\" data-e-type=\"widget\" data-widget_type=\"spacer.default\">\n\t\t\t\t<div class=\"elementor-widget-container\">\n\t\t\t\t\t\t\t<div class=\"elementor-spacer\">\n\t\t\t<div class=\"elementor-spacer-inner\"><\/div>\n\t\t<\/div>\n\t\t\t\t\t\t<\/div>\n\t\t\t\t<\/div>\n\t\t\t\t\t<\/div>\n\t\t\t\t<\/div>\n\t\t<div class=\"elementor-element elementor-element-e11b290 e-con-full e-flex e-con e-parent\" data-id=\"e11b290\" data-element_type=\"container\" data-e-type=\"container\">\n\t\t\t\t<div class=\"elementor-element elementor-element-45b25ff elementor-widget elementor-widget-heading\" data-id=\"45b25ff\" data-element_type=\"widget\" data-e-type=\"widget\" data-widget_type=\"heading.default\">\n\t\t\t\t<div class=\"elementor-widget-container\">\n\t\t\t\t\t<h2 class=\"elementor-heading-title elementor-size-default\">Desert Safari Booking Terms<\/h2>\t\t\t\t<\/div>\n\t\t\t\t<\/div>\n\t\t\t\t<div class=\"elementor-element elementor-element-0019ac1 elementor-widget elementor-widget-toggle\" data-id=\"0019ac1\" data-element_type=\"widget\" data-e-type=\"widget\" data-widget_type=\"toggle.default\">\n\t\t\t\t<div class=\"elementor-widget-container\">\n\t\t\t\t\t\t\t<div class=\"elementor-toggle\">\n\t\t\t\t\t\t\t<div class=\"elementor-toggle-item\">\n\t\t\t\t\t<div id=\"elementor-tab-title-1051\" class=\"elementor-tab-title\" data-tab=\"1\" role=\"button\" aria-controls=\"elementor-tab-content-1051\" aria-expanded=\"false\">\n\t\t\t\t\t\t\t\t\t\t\t\t<span class=\"elementor-toggle-icon elementor-toggle-icon-right\" aria-hidden=\"true\">\n\t\t\t\t\t\t\t\t\t\t\t\t\t\t\t<span class=\"elementor-toggle-icon-closed\"><svg class=\"e-font-icon-svg e-fas-caret-left\" viewBox=\"0 0 192 512\" xmlns=\"http:\/\/www.w3.org\/2000\/svg\"><path d=\"M192 127.338v257.324c0 17.818-21.543 26.741-34.142 14.142L29.196 270.142c-7.81-7.81-7.81-20.474 0-28.284l128.662-128.662c12.599-12.6 34.142-3.676 34.142 14.142z\"><\/path><\/svg><\/span>\n\t\t\t\t\t\t\t\t<span class=\"elementor-toggle-icon-opened\"><svg class=\"elementor-toggle-icon-opened e-font-icon-svg e-fas-caret-up\" viewBox=\"0 0 320 512\" xmlns=\"http:\/\/www.w3.org\/2000\/svg\"><path d=\"M288.662 352H31.338c-17.818 0-26.741-21.543-14.142-34.142l128.662-128.662c7.81-7.81 20.474-7.81 28.284 0l128.662 128.662c12.6 12.599 3.676 34.142-14.142 34.142z\"><\/path><\/svg><\/span>\n\t\t\t\t\t\t\t\t\t\t\t\t\t<\/span>\n\t\t\t\t\t\t\t\t\t\t\t\t<a class=\"elementor-toggle-title\" tabindex=\"0\">If booking is cancelled and accepted in writing 24 hours before departure 100% payment will be refunded.<\/a>\n\t\t\t\t\t<\/div>\n\n\t\t\t\t\t<div id=\"elementor-tab-content-1051\" class=\"elementor-tab-content elementor-clearfix\" data-tab=\"1\" role=\"region\" aria-labelledby=\"elementor-tab-title-1051\"><p>If booking is cancelled thereafter, no refund will be given (no show charge).<\/p><\/div>\n\t\t\t\t<\/div>\n\t\t\t\t\t\t\t<div class=\"elementor-toggle-item\">\n\t\t\t\t\t<div id=\"elementor-tab-title-1052\" class=\"elementor-tab-title\" data-tab=\"2\" role=\"button\" aria-controls=\"elementor-tab-content-1052\" aria-expanded=\"false\">\n\t\t\t\t\t\t\t\t\t\t\t\t<span class=\"elementor-toggle-icon elementor-toggle-icon-right\" aria-hidden=\"true\">\n\t\t\t\t\t\t\t\t\t\t\t\t\t\t\t<span class=\"elementor-toggle-icon-closed\"><svg class=\"e-font-icon-svg e-fas-caret-left\" viewBox=\"0 0 192 512\" xmlns=\"http:\/\/www.w3.org\/2000\/svg\"><path d=\"M192 127.338v257.324c0 17.818-21.543 26.741-34.142 14.142L29.196 270.142c-7.81-7.81-7.81-20.474 0-28.284l128.662-128.662c12.599-12.6 34.142-3.676 34.142 14.142z\"><\/path><\/svg><\/span>\n\t\t\t\t\t\t\t\t<span class=\"elementor-toggle-icon-opened\"><svg class=\"elementor-toggle-icon-opened e-font-icon-svg e-fas-caret-up\" viewBox=\"0 0 320 512\" xmlns=\"http:\/\/www.w3.org\/2000\/svg\"><path d=\"M288.662 352H31.338c-17.818 0-26.741-21.543-14.142-34.142l128.662-128.662c7.81-7.81 20.474-7.81 28.284 0l128.662 128.662c12.6 12.599 3.676 34.142-14.142 34.142z\"><\/path><\/svg><\/span>\n\t\t\t\t\t\t\t\t\t\t\t\t\t<\/span>\n\t\t\t\t\t\t\t\t\t\t\t\t<a class=\"elementor-toggle-title\" tabindex=\"0\">If you miss the tour date and time, no refunds will be given.<\/a>\n\t\t\t\t\t<\/div>\n\n\t\t\t\t\t<div id=\"elementor-tab-content-1052\" class=\"elementor-tab-content elementor-clearfix\" data-tab=\"2\" role=\"region\" aria-labelledby=\"elementor-tab-title-1052\"><p>If for any legitimate reason, we have to cancel the booking, we will notify within 24 hours of the tour date. You will be given full refund if payment is made in advance. We do not take any responsibility and no compensation will be provided in such scenarios. However, we can provide services for an alternative date.<\/p><\/div>\n\t\t\t\t<\/div>\n\t\t\t\t\t\t\t\t<\/div>\n\t\t\t\t\t\t<\/div>\n\t\t\t\t<\/div>\n\t\t\t\t<\/div>\n\t\t<div class=\"elementor-element elementor-element-7c87432 e-flex e-con-boxed e-con e-parent\" data-id=\"7c87432\" data-element_type=\"container\" data-e-type=\"container\">\n\t\t\t\t\t<div class=\"e-con-inner\">\n\t\t\t\t<div class=\"elementor-element elementor-element-445e51a elementor-widget elementor-widget-spacer\" data-id=\"445e51a\" data-element_type=\"widget\" data-e-type=\"widget\" data-widget_type=\"spacer.default\">\n\t\t\t\t<div class=\"elementor-widget-container\">\n\t\t\t\t\t\t\t<div class=\"elementor-spacer\">\n\t\t\t<div class=\"elementor-spacer-inner\"><\/div>\n\t\t<\/div>\n\t\t\t\t\t\t<\/div>\n\t\t\t\t<\/div>\n\t\t\t\t\t<\/div>\n\t\t\t\t<\/div>\n\t\t<div class=\"elementor-element elementor-element-6c91dd2 e-flex e-con-boxed e-con e-parent\" data-id=\"6c91dd2\" data-element_type=\"container\" data-e-type=\"container\">\n\t\t\t\t\t<div class=\"e-con-inner\">\n\t\t\t\t<div class=\"elementor-element elementor-element-c51200a elementor-widget elementor-widget-shortcode\" data-id=\"c51200a\" data-element_type=\"widget\" data-e-type=\"widget\" data-widget_type=\"shortcode.default\">\n\t\t\t\t<div class=\"elementor-widget-container\">\n\t\t\t\t\t\t\t<div class=\"elementor-shortcode\"><script type=\"application\/ld+json\">\n{\n  \"@context\": \"https:\/\/schema.org\",\n  \"@graph\": [\n    {\n      \"@type\": [\"WebPage\", \"AboutPage\"],\n      \"@id\": \"[dbd type=\\\"url\\\"]#about\",\n      \"url\": \"[dbd type=\\\"url\\\"]\",\n      \"name\":\"[dbd type=\"title_trp\"]\",\n      \"description\":\"[dbd type=\"meta_trp\" key=\"_yoast_wpseo_metadesc\"]\",\n      \"inLanguage\":\"[dbd type=\"lang\"]\",\n      \"isPartOf\": { \"@id\": \"https:\/\/www.dunebashing.net\/#website\" },\n      \"about\": { \"@id\": \"https:\/\/www.dunebashing.net\/#organization\" },\n      \"primaryImageOfPage\": {\n        \"@type\": \"ImageObject\",\n        \"url\": \"https:\/\/www.dunebashing.net\/wp-content\/uploads\/2024\/08\/dune-bashing-dubai-logo.png\" }\n\n    },\n    {\n      \"@type\": \"Organization\",\n      \"@id\": \"https:\/\/www.dunebashing.net\/#organization\",\n      \"name\": \"Dune Bashing Dubai\",\n      \"url\": \"https:\/\/www.dunebashing.net\/\",\n      \"logo\": {\n        \"@type\": \"ImageObject\",\n        \"url\": \"https:\/\/www.dunebashing.net\/wp-content\/uploads\/2024\/10\/logo.webp\"\n      },\n      \"sameAs\": [\n        \"https:\/\/maps.app.goo.gl\/BtV7P7bzcCJu6xXo6\"\n      ],\n      \"contactPoint\": [\n        {\n          \"@type\": \"ContactPoint\",\n          \"contactType\": \"customer support\",\n          \"telephone\": \"+971503944761\",\n          \"email\": \"sales@dunebashing.net\",\n          \"areaServed\": \"AE\",\n          \"availableLanguage\": [\n            \"EN\",\n            \"TR\",\n            \"AR\",\n            \"DE\",\n            \"NL\",\n            \"RU\",\n            \"PT\",\n            \"IT\",\n            \"ES\",\n            \"FR\",\n            \"HE\",\n            \"ZH\",\n            \"JA\",\n            \"KO\",\n            \"SV\",\n            \"NN\",\n            \"MS\"\n          ]\n        }\n      ]\n    },\n    {\n      \"@type\": \"WebSite\",\n      \"@id\": \"https:\/\/www.dunebashing.net\/#website\",\n      \"url\": \"https:\/\/www.dunebashing.net\/\",\n      \"name\": \"Dune Bashing Dubai\"\n    }\n  ]\n}\n<\/script>\n<\/div>\n\t\t\t\t\t\t<\/div>\n\t\t\t\t<\/div>\n\t\t\t\t\t<\/div>\n\t\t\t\t<\/div>\n\t\t\t\t<\/div>\n\t\t","protected":false},"excerpt":{"rendered":"<p>Terms and Conditions\u200b Desert Safari Booking Terms S.I.C. : Seat in Coach; depending upon the number of participants and requirements. Either a saloon-car\/7-seater\/4-wd\/small bus or coach will be utilized} for all dune bashing tours (half-day\/full-day) 4&#215;4 Four Wheel Drive vehicles (Toyota Land Cruiser or similar) licensed to carry 6-passengers plus the safari driver will be [&hellip;]<\/p>\n","protected":false},"author":1,"featured_media":1843,"parent":0,"menu_order":0,"comment_status":"closed","ping_status":"closed","template":"","meta":{"footnotes":""},"class_list":["post-30","page","type-page","status-publish","has-post-thumbnail","hentry"],"yoast_head":"<!-- This site is optimized with the Yoast SEO plugin v27.4 - https:\/\/yoast.com\/product\/yoast-seo-wordpress\/ -->\n<title>Terms And Conditions - Dune Bashing Dubai - Safari Policies<\/title>\n<meta name=\"description\" content=\"Read the Terms And Conditions for Dune Bashing Dubai tours. Learn about our booking policies, cancellation rules, and safety guidelines.\" \/>\n<meta name=\"robots\" content=\"index, follow, max-snippet:-1, max-image-preview:large, max-video-preview:-1\" \/>\n<link rel=\"canonical\" href=\"https:\/\/www.dunebashing.net\/sv\/villkor-och-bestammelser\/\" \/>\n<meta property=\"og:locale\" content=\"sv_SE\" \/>\n<meta property=\"og:type\" content=\"article\" \/>\n<meta property=\"og:title\" content=\"Terms And Conditions - Dune Bashing Dubai - Safari Policies\" \/>\n<meta property=\"og:description\" content=\"Read the Terms And Conditions for Dune Bashing Dubai tours. Learn about our booking policies, cancellation rules, and safety guidelines.\" \/>\n<meta property=\"og:url\" content=\"https:\/\/www.dunebashing.net\/sv\/villkor-och-bestammelser\/\" \/>\n<meta property=\"og:site_name\" content=\"Dune Bashing Dubai\" \/>\n<meta property=\"article:publisher\" content=\"https:\/\/web.facebook.com\/dunebashing.net\" \/>\n<meta property=\"article:modified_time\" content=\"2025-11-09T16:23:52+00:00\" \/>\n<meta property=\"og:image\" content=\"https:\/\/www.dunebashing.net\/wp-content\/uploads\/2024\/10\/Terms-Conditions-of-Dune-Bashing.webp\" \/>\n\t<meta property=\"og:image:width\" content=\"1080\" \/>\n\t<meta property=\"og:image:height\" content=\"1080\" \/>\n\t<meta property=\"og:image:type\" content=\"image\/webp\" \/>\n<meta name=\"twitter:card\" content=\"summary_large_image\" \/>\n<meta name=\"twitter:label1\" content=\"Ber\u00e4knad l\u00e4stid\" \/>\n\t<meta name=\"twitter:data1\" content=\"2 minuter\" \/>\n<script type=\"application\/ld+json\" class=\"yoast-schema-graph\">{\"@context\":\"https:\\\/\\\/schema.org\",\"@graph\":[{\"@type\":\"WebPage\",\"@id\":\"https:\\\/\\\/www.dunebashing.net\\\/terms-and-conditions\\\/\",\"url\":\"https:\\\/\\\/www.dunebashing.net\\\/terms-and-conditions\\\/\",\"name\":\"Terms And Conditions - Dune Bashing Dubai - Safari Policies\",\"isPartOf\":{\"@id\":\"https:\\\/\\\/www.dunebashing.net\\\/#website\"},\"primaryImageOfPage\":{\"@id\":\"https:\\\/\\\/www.dunebashing.net\\\/terms-and-conditions\\\/#primaryimage\"},\"image\":{\"@id\":\"https:\\\/\\\/www.dunebashing.net\\\/terms-and-conditions\\\/#primaryimage\"},\"thumbnailUrl\":\"https:\\\/\\\/www.dunebashing.net\\\/wp-content\\\/uploads\\\/2024\\\/10\\\/Terms-Conditions-of-Dune-Bashing.webp\",\"datePublished\":\"2024-08-27T09:41:23+00:00\",\"dateModified\":\"2025-11-09T16:23:52+00:00\",\"description\":\"Read the Terms And Conditions for Dune Bashing Dubai tours. Learn about our booking policies, cancellation rules, and safety guidelines.\",\"breadcrumb\":{\"@id\":\"https:\\\/\\\/www.dunebashing.net\\\/terms-and-conditions\\\/#breadcrumb\"},\"inLanguage\":\"sv-SE\",\"potentialAction\":[{\"@type\":\"ReadAction\",\"target\":[\"https:\\\/\\\/www.dunebashing.net\\\/terms-and-conditions\\\/\"]}]},{\"@type\":\"ImageObject\",\"inLanguage\":\"sv-SE\",\"@id\":\"https:\\\/\\\/www.dunebashing.net\\\/terms-and-conditions\\\/#primaryimage\",\"url\":\"https:\\\/\\\/www.dunebashing.net\\\/wp-content\\\/uploads\\\/2024\\\/10\\\/Terms-Conditions-of-Dune-Bashing.webp\",\"contentUrl\":\"https:\\\/\\\/www.dunebashing.net\\\/wp-content\\\/uploads\\\/2024\\\/10\\\/Terms-Conditions-of-Dune-Bashing.webp\",\"width\":1080,\"height\":1080,\"caption\":\"Terms & Conditions of Dune Bashing\"},{\"@type\":\"BreadcrumbList\",\"@id\":\"https:\\\/\\\/www.dunebashing.net\\\/terms-and-conditions\\\/#breadcrumb\",\"itemListElement\":[{\"@type\":\"ListItem\",\"position\":1,\"name\":\"Home\",\"item\":\"https:\\\/\\\/www.dunebashing.net\\\/\"},{\"@type\":\"ListItem\",\"position\":2,\"name\":\"Terms And Conditions\"}]},{\"@type\":\"WebSite\",\"@id\":\"https:\\\/\\\/www.dunebashing.net\\\/#website\",\"url\":\"https:\\\/\\\/www.dunebashing.net\\\/\",\"name\":\"Dune Bashing Dubai\",\"description\":\"\",\"publisher\":{\"@id\":\"https:\\\/\\\/www.dunebashing.net\\\/#organization\"},\"potentialAction\":[{\"@type\":\"SearchAction\",\"target\":{\"@type\":\"EntryPoint\",\"urlTemplate\":\"https:\\\/\\\/www.dunebashing.net\\\/?s={search_term_string}\"},\"query-input\":{\"@type\":\"PropertyValueSpecification\",\"valueRequired\":true,\"valueName\":\"search_term_string\"}}],\"inLanguage\":\"sv-SE\"},{\"@type\":\"Organization\",\"@id\":\"https:\\\/\\\/www.dunebashing.net\\\/#organization\",\"name\":\"Dune Bashing Dubai\",\"url\":\"https:\\\/\\\/www.dunebashing.net\\\/\",\"logo\":{\"@type\":\"ImageObject\",\"inLanguage\":\"sv-SE\",\"@id\":\"https:\\\/\\\/www.dunebashing.net\\\/#\\\/schema\\\/logo\\\/image\\\/\",\"url\":\"https:\\\/\\\/www.dunebashing.net\\\/wp-content\\\/uploads\\\/2024\\\/08\\\/Logo-1.png\",\"contentUrl\":\"https:\\\/\\\/www.dunebashing.net\\\/wp-content\\\/uploads\\\/2024\\\/08\\\/Logo-1.png\",\"width\":455,\"height\":304,\"caption\":\"Dune Bashing Dubai\"},\"image\":{\"@id\":\"https:\\\/\\\/www.dunebashing.net\\\/#\\\/schema\\\/logo\\\/image\\\/\"},\"sameAs\":[\"https:\\\/\\\/web.facebook.com\\\/dunebashing.net\",\"https:\\\/\\\/www.instagram.com\\\/DuneBashingDubai\"]}]}<\/script>\n<!-- \/ Yoast SEO plugin. -->","yoast_head_json":{"title":"Villkor och best\u00e4mmelser - Dune Bashing Dubai - Safaripolicy","description":"L\u00e4s villkoren f\u00f6r Dune Bashing Dubai-turer. L\u00e4s om v\u00e5r bokningspolicy, avbokningsregler och s\u00e4kerhetsriktlinjer.","robots":{"index":"index","follow":"follow","max-snippet":"max-snippet:-1","max-image-preview":"max-image-preview:large","max-video-preview":"max-video-preview:-1"},"canonical":"https:\/\/www.dunebashing.net\/sv\/villkor-och-bestammelser\/","og_locale":"sv_SE","og_type":"article","og_title":"Terms And Conditions - Dune Bashing Dubai - Safari Policies","og_description":"Read the Terms And Conditions for Dune Bashing Dubai tours. Learn about our booking policies, cancellation rules, and safety guidelines.","og_url":"https:\/\/www.dunebashing.net\/sv\/villkor-och-bestammelser\/","og_site_name":"Dune Bashing Dubai","article_publisher":"https:\/\/web.facebook.com\/dunebashing.net","article_modified_time":"2025-11-09T16:23:52+00:00","og_image":[{"width":1080,"height":1080,"url":"https:\/\/www.dunebashing.net\/wp-content\/uploads\/2024\/10\/Terms-Conditions-of-Dune-Bashing.webp","type":"image\/webp"}],"twitter_card":"summary_large_image","twitter_misc":{"Ber\u00e4knad l\u00e4stid":"2 minuter"},"schema":{"@context":"https:\/\/schema.org","@graph":[{"@type":"WebPage","@id":"https:\/\/www.dunebashing.net\/terms-and-conditions\/","url":"https:\/\/www.dunebashing.net\/terms-and-conditions\/","name":"Villkor och best\u00e4mmelser - Dune Bashing Dubai - Safaripolicy","isPartOf":{"@id":"https:\/\/www.dunebashing.net\/#website"},"primaryImageOfPage":{"@id":"https:\/\/www.dunebashing.net\/terms-and-conditions\/#primaryimage"},"image":{"@id":"https:\/\/www.dunebashing.net\/terms-and-conditions\/#primaryimage"},"thumbnailUrl":"https:\/\/www.dunebashing.net\/wp-content\/uploads\/2024\/10\/Terms-Conditions-of-Dune-Bashing.webp","datePublished":"2024-08-27T09:41:23+00:00","dateModified":"2025-11-09T16:23:52+00:00","description":"L\u00e4s villkoren f\u00f6r Dune Bashing Dubai-turer. L\u00e4s om v\u00e5r bokningspolicy, avbokningsregler och s\u00e4kerhetsriktlinjer.","breadcrumb":{"@id":"https:\/\/www.dunebashing.net\/terms-and-conditions\/#breadcrumb"},"inLanguage":"sv-SE","potentialAction":[{"@type":"ReadAction","target":["https:\/\/www.dunebashing.net\/terms-and-conditions\/"]}]},{"@type":"ImageObject","inLanguage":"sv-SE","@id":"https:\/\/www.dunebashing.net\/terms-and-conditions\/#primaryimage","url":"https:\/\/www.dunebashing.net\/wp-content\/uploads\/2024\/10\/Terms-Conditions-of-Dune-Bashing.webp","contentUrl":"https:\/\/www.dunebashing.net\/wp-content\/uploads\/2024\/10\/Terms-Conditions-of-Dune-Bashing.webp","width":1080,"height":1080,"caption":"Terms & Conditions of Dune Bashing"},{"@type":"BreadcrumbList","@id":"https:\/\/www.dunebashing.net\/terms-and-conditions\/#breadcrumb","itemListElement":[{"@type":"ListItem","position":1,"name":"Home","item":"https:\/\/www.dunebashing.net\/"},{"@type":"ListItem","position":2,"name":"Terms And Conditions"}]},{"@type":"WebSite","@id":"https:\/\/www.dunebashing.net\/#website","url":"https:\/\/www.dunebashing.net\/","name":"Dune Bashing Dubai","description":"","publisher":{"@id":"https:\/\/www.dunebashing.net\/#organization"},"potentialAction":[{"@type":"SearchAction","target":{"@type":"EntryPoint","urlTemplate":"https:\/\/www.dunebashing.net\/?s={search_term_string}"},"query-input":{"@type":"PropertyValueSpecification","valueRequired":true,"valueName":"search_term_string"}}],"inLanguage":"sv-SE"},{"@type":"Organization","@id":"https:\/\/www.dunebashing.net\/#organization","name":"Dune Bashing Dubai","url":"https:\/\/www.dunebashing.net\/","logo":{"@type":"ImageObject","inLanguage":"sv-SE","@id":"https:\/\/www.dunebashing.net\/#\/schema\/logo\/image\/","url":"https:\/\/www.dunebashing.net\/wp-content\/uploads\/2024\/08\/Logo-1.png","contentUrl":"https:\/\/www.dunebashing.net\/wp-content\/uploads\/2024\/08\/Logo-1.png","width":455,"height":304,"caption":"Dune Bashing Dubai"},"image":{"@id":"https:\/\/www.dunebashing.net\/#\/schema\/logo\/image\/"},"sameAs":["https:\/\/web.facebook.com\/dunebashing.net","https:\/\/www.instagram.com\/DuneBashingDubai"]}]}},"_links":{"self":[{"href":"https:\/\/www.dunebashing.net\/sv\/wp-json\/wp\/v2\/pages\/30","targetHints":{"allow":["GET"]}}],"collection":[{"href":"https:\/\/www.dunebashing.net\/sv\/wp-json\/wp\/v2\/pages"}],"about":[{"href":"https:\/\/www.dunebashing.net\/sv\/wp-json\/wp\/v2\/types\/page"}],"author":[{"embeddable":true,"href":"https:\/\/www.dunebashing.net\/sv\/wp-json\/wp\/v2\/users\/1"}],"replies":[{"embeddable":true,"href":"https:\/\/www.dunebashing.net\/sv\/wp-json\/wp\/v2\/comments?post=30"}],"version-history":[{"count":34,"href":"https:\/\/www.dunebashing.net\/sv\/wp-json\/wp\/v2\/pages\/30\/revisions"}],"predecessor-version":[{"id":10848,"href":"https:\/\/www.dunebashing.net\/sv\/wp-json\/wp\/v2\/pages\/30\/revisions\/10848"}],"wp:featuredmedia":[{"embeddable":true,"href":"https:\/\/www.dunebashing.net\/sv\/wp-json\/wp\/v2\/media\/1843"}],"wp:attachment":[{"href":"https:\/\/www.dunebashing.net\/sv\/wp-json\/wp\/v2\/media?parent=30"}],"curies":[{"name":"wp","href":"https:\/\/api.w.org\/{rel}","templated":true}]}}